{"id":2451,"date":"2023-09-15T11:13:54","date_gmt":"2023-09-15T09:13:54","guid":{"rendered":"https:\/\/f-finance.de\/news\/"},"modified":"2023-12-08T15:14:57","modified_gmt":"2023-12-08T14:14:57","slug":"news","status":"publish","type":"page","link":"https:\/\/f-finance.de\/en\/news\/","title":{"rendered":"News"},"content":{"rendered":"<p><div class=\"fusion-fullwidth fullwidth-box fusion-builder-row-1 fusion-flex-container has-pattern-background has-mask-background nonhundred-percent-fullwidth non-hundred-percent-height-scrolling concont\" style=\"--awb-border-radius-top-left:0px;--awb-border-radius-top-right:0px;--awb-border-radius-bottom-right:0px;--awb-border-radius-bottom-left:0px;--awb-padding-right:120px;--awb-padding-left:120px;--awb-flex-wrap:wrap;\" ><div class=\"fusion-builder-row fusion-row fusion-flex-align-items-flex-start fusion-flex-content-wrap\" style=\"max-width:1248px;margin-left: calc(-4% \/ 2 );margin-right: calc(-4% \/ 2 );\"><div class=\"fusion-layout-column fusion_builder_column fusion-builder-column-0 fusion_builder_column_3_5 3_5 fusion-flex-column\" style=\"--awb-bg-size:cover;--awb-width-large:60%;--awb-margin-top-large:0px;--awb-spacing-right-large:3.2%;--awb-margin-bottom-large:0px;--awb-spacing-left-large:3.2%;--awb-width-medium:60%;--awb-order-medium:0;--awb-spacing-right-medium:3.2%;--awb-spacing-left-medium:3.2%;--awb-width-small:100%;--awb-order-small:0;--awb-spacing-right-small:1.92%;--awb-spacing-left-small:1.92%;\" data-scroll-devices=\"small-visibility,medium-visibility,large-visibility\"><div class=\"fusion-column-wrapper fusion-column-has-shadow fusion-flex-justify-content-center fusion-content-layout-column\"><div class=\"fusion-title title fusion-title-1 fusion-sep-none fusion-title-text fusion-title-size-one\"><h1 class=\"fusion-title-heading title-heading-left fusion-responsive-typography-calculated\" style=\"margin:0;--fontSize:48;line-height:var(--awb-typography1-line-height);\">News<\/h1><\/div><div class=\"fusion-progressbar\" style=\"--awb-margin-top:20px;--awb-margin-bottom:70px;--awb-textcolor:var(--awb-color1);--awb-height:2px;--awb-filledcolor:var(--awb-color8);--awb-unfilledcolor:var(--awb-color1);--awb-maximum-value-wrapper-width:0%;\"><div class=\"fusion-progressbar-bar progress-bar\"><div class=\"progress progress-bar-content not-animated\" role=\"progressbar\" aria-labelledby=\"awb-progressbar-label-1\" aria-valuemin=\"0\" aria-valuemax=\"100\" aria-valuenow=\"100\" data-filling-speed=\"600\"><span class=\"progress-title awb-on-bar\"><span class=\"fusion-progressbar-text\" id=\"awb-progressbar-label-1\"><\/span><\/span><\/div><span class=\"awb-pb-max-value-wrap awb-on-bar\"><span class=\"awb-pb-max-value-text\"><\/span><\/span><\/div><\/div><\/div><\/div><\/div><\/div><div class=\"fusion-fullwidth fullwidth-box fusion-builder-row-2 fusion-flex-container has-pattern-background has-mask-background nonhundred-percent-fullwidth non-hundred-percent-height-scrolling concont\" style=\"--awb-border-radius-top-left:0px;--awb-border-radius-top-right:0px;--awb-border-radius-bottom-right:0px;--awb-border-radius-bottom-left:0px;--awb-padding-right:120px;--awb-padding-left:120px;--awb-flex-wrap:wrap;\" ><div class=\"fusion-builder-row fusion-row fusion-flex-align-items-flex-start fusion-flex-content-wrap\" style=\"max-width:1248px;margin-left: calc(-4% \/ 2 );margin-right: calc(-4% \/ 2 );\"><div class=\"fusion-layout-column fusion_builder_column fusion-builder-column-1 fusion_builder_column_1_1 1_1 fusion-flex-column\" style=\"--awb-bg-size:cover;--awb-width-large:100%;--awb-margin-top-large:0px;--awb-spacing-right-large:1.92%;--awb-margin-bottom-large:0px;--awb-spacing-left-large:1.92%;--awb-width-medium:100%;--awb-order-medium:0;--awb-spacing-right-medium:1.92%;--awb-spacing-left-medium:1.92%;--awb-width-small:100%;--awb-order-small:0;--awb-spacing-right-small:1.92%;--awb-spacing-left-small:1.92%;\"><div class=\"fusion-column-wrapper fusion-column-has-shadow fusion-flex-justify-content-flex-start fusion-content-layout-column\"><div class=\"fusion-recent-posts fusion-recent-posts-1 avada-container layout-default layout-columns-3\"><section class=\"fusion-columns columns fusion-columns-3 columns-3\"><article class=\"post fusion-column column col col-lg-4 col-md-4 col-sm-4\"><div class=\"recent-posts-content\"><h4 class=\"\"><a href=\"https:\/\/f-finance.de\/en\/wiwo-2025-auszeichnung-als-beste-personalberater-in-den-bereichen-finanz-und-rechtsdienstleistungen\/\">WiWo: 2025 Auszeichnung als \u201eBeste Personalberater\u201c in den Bereichen Finanz- und Rechtsdienstleistungen<\/a><\/h4><p class=\"meta\"><span>December 2025<\/span><span class=\"fusion-inline-sep\">|<\/span><\/p><p>Erneute Auszeichnung durch die <a class=\"kDXdXfXwwrlRRhXXvDkIXwgwVetUaYykhk \" tabindex=\"0\" href=\"https:\/\/www.linkedin.com\/company\/wirtschaftswoche\/\" target=\"_self\" data-test-app-aware-link=\"\">WirtschaftsWoche<\/a>\u2757<\/p>\n<p>Fricke Finance &amp; Legal wurde im Dezember 2025 von der WirtschaftsWoche erneut als Bester<a href=\"https:\/\/f-finance.de\/en\/wiwo-2025-auszeichnung-als-beste-personalberater-in-den-bereichen-finanz-und-rechtsdienstleistungen\/\">\u2026 <br><span class=\"mehr-link\"><br>\u2192 Zum Artikel<\/span><\/a><\/p>\n<\/div><\/article><article class=\"post fusion-column column col col-lg-4 col-md-4 col-sm-4\"><div class=\"recent-posts-content\"><h4 class=\"\"><a href=\"https:\/\/f-finance.de\/en\/studie-von-fricke-finance-legal-zur-aktuellen-zufriedenheit-von-arbeitnehmern-mit-ihrer-beruflichen-umgebung\/\">Umfrage von Fricke Finance &#038; Legal zur aktuellen Zufriedenheit von Arbeitnehmern mit ihrer beruflichen Umgebung. Die Ergebnisse&#8230;<\/a><\/h4><p class=\"meta\"><span>August 2025<\/span><span class=\"fusion-inline-sep\">|<\/span><\/p><p><a class=\"weblink\" href=\"https:\/\/f-finance.de\/wp-content\/uploads\/Umfrage-Handbuch-fuer-die-Homepage.pdf\" target=\"_blank\" rel=\"noopener\">Zum Weblink<\/a>    <\/p>\n<\/div><\/article><article class=\"post fusion-column column col col-lg-4 col-md-4 col-sm-4\"><div class=\"recent-posts-content\"><h4 class=\"\"><a href=\"https:\/\/f-finance.de\/en\/focus-business-zeichnet-fricke-finance-legal-auch-in-2024-aus-cloned\/\">Top-Personaldienstleister 2025 &#8211; Danke f\u00fcr Ihr Vertrauen! \ud83d\ude4f<\/a><\/h4><p class=\"meta\"><span>May 2025<\/span><span class=\"fusion-inline-sep\">|<\/span><\/p><p>Gro\u00dfe Freude bei uns im Team \ud83d\udcaa:<br>\nFricke Finance &amp; Legal wurde erneut von FOCUS-Business als Top Personaldienstleister 2025 im Bereich Executive Search ausgezeichnet (Link<a href=\"https:\/\/f-finance.de\/en\/focus-business-zeichnet-fricke-finance-legal-auch-in-2024-aus-cloned\/\">\u2026 <br><span class=\"mehr-link\"><br>\u2192 Zum Artikel<\/span><\/a><\/p>\n<\/div><\/article><article class=\"post fusion-column column col col-lg-4 col-md-4 col-sm-4\"><div class=\"recent-posts-content\"><h4 class=\"\"><a href=\"https:\/\/f-finance.de\/en\/wiwo-2024-erneute-auszeichnung-als-beste-personalberater-fuer-fricke-finance-legal\/\">WiWo: 2024 erneute Auszeichnung als \u201eBeste Personalberater\u201c f\u00fcr Fricke Finance &#038; Legal<\/a><\/h4><p class=\"meta\"><span>December 2024<\/span><span class=\"fusion-inline-sep\">|<\/span><\/p><p>\ud83c\udf89 Fricke Finance &amp; Legal erneut unter den Besten! \ud83c\udf89<br>\nWir sind stolz darauf, von der WirtschaftsWoche zum wiederholten Mal als eine der besten Personalberatungen<a href=\"https:\/\/f-finance.de\/en\/wiwo-2024-erneute-auszeichnung-als-beste-personalberater-fuer-fricke-finance-legal\/\">\u2026 <br><span class=\"mehr-link\"><br>\u2192 Zum Artikel<\/span><\/a><\/p>\n<\/div><\/article><article class=\"post fusion-column column col col-lg-4 col-md-4 col-sm-4\"><div class=\"recent-posts-content\"><h4 class=\"\"><a href=\"https:\/\/f-finance.de\/en\/focus-business-zeichnet-fricke-finance-legal-auch-in-2024-aus\/\">FOCUS Business zeichnet Fricke Finance &#038; Legal auch in 2024 aus!<\/a><\/h4><p class=\"meta\"><span>May 2024<\/span><span class=\"fusion-inline-sep\">|<\/span><\/p><p>FOCUS Business hat gemeinsam mit dem Recherche-Institut Statista Personalverantwortliche und Personaldienstleister sowie Kandidaten und Kandidatinnen zu ihren Empfehlungen von Personaldienstleistern befragt.\u00a0 Nach einer Analyse<a href=\"https:\/\/f-finance.de\/en\/focus-business-zeichnet-fricke-finance-legal-auch-in-2024-aus\/\">\u2026 <br><span class=\"mehr-link\"><br>\u2192 Zum Artikel<\/span><\/a><\/p>\n<\/div><\/article><article class=\"post fusion-column column col col-lg-4 col-md-4 col-sm-4\"><div class=\"recent-posts-content\"><h4 class=\"\"><a href=\"https:\/\/f-finance.de\/en\/fricke-finance-legal-gehoert-zu-den-40-top-personalberatern-in-deutschland\/\">Fricke Finance &#038; Legal geh\u00f6rt zu den 40 Top Personalberatern in Deutschland<\/a><\/h4><p class=\"meta\"><span>May 2024<\/span><span class=\"fusion-inline-sep\">|<\/span><\/p><p>Das Handelsblatt Research Institute hat in Zusammenarbeit mit The IQ Company die 40 f\u00fchrenden Personalberatungsunternehmen des Jahres 2024 identifiziert. Sie nutzten dazu die Bewertungen<a href=\"https:\/\/f-finance.de\/en\/fricke-finance-legal-gehoert-zu-den-40-top-personalberatern-in-deutschland\/\">\u2026 <br><span class=\"mehr-link\"><br>\u2192 Zum Artikel<\/span><\/a><\/p>\n<\/div><\/article><article class=\"post fusion-column column col col-lg-4 col-md-4 col-sm-4\"><div class=\"recent-posts-content\"><h4 class=\"\"><a href=\"https:\/\/f-finance.de\/en\/wenzel-kubitza-verstaerkt-den-bereich-legal\/\">Wenzel Kubitza verst\u00e4rkt den Bereich Legal<\/a><\/h4><p class=\"meta\"><span>May 2024<\/span><span class=\"fusion-inline-sep\">|<\/span><\/p><p>Seit Mai 2024 erg\u00e4nzt Wenzel Kubitza das bestehende Legal-Team um Daniel Sch\u00fc\u00dfler und Michael Kassabalis. Wenzel Kubitza hat Wirtschaftswissenschaften studiert und einen Master in<a href=\"https:\/\/f-finance.de\/en\/wenzel-kubitza-verstaerkt-den-bereich-legal\/\">\u2026 <br><span class=\"mehr-link\"><br>\u2192 Zum Artikel<\/span><\/a><\/p>\n<\/div><\/article><article class=\"post fusion-column column col col-lg-4 col-md-4 col-sm-4\"><div class=\"recent-posts-content\"><h4 class=\"\"><a href=\"https:\/\/f-finance.de\/en\/auch-die-wirtschaftswoche-zeichnet-uns-als-beste-personalberater-in-2023-aus\/\">Auszeichnung als \u201eBeste Personalberater\u201c 2023 f\u00fcr Fricke Finance &#038; Legal!<\/a><\/h4><p class=\"meta\"><span>December 2023<\/span><span class=\"fusion-inline-sep\">|<\/span><\/p><p>Die <a class=\"app-aware-link \" href=\"https:\/\/www.linkedin.com\/company\/wirtschaftswoche\/\" target=\"_self\" rel=\"noopener\" data-test-app-aware-link=\"\">WirtschaftsWoche<\/a> hat auch in diesem Jahr wieder eine Befragung zur Nutzung, Zufriedenheit, Bekanntheit und dem Ruf von<a href=\"https:\/\/f-finance.de\/en\/auch-die-wirtschaftswoche-zeichnet-uns-als-beste-personalberater-in-2023-aus\/\">\u2026 <br><span class=\"mehr-link\"><br>\u2192 Zum Artikel<\/span><\/a><\/p>\n<\/div><\/article><article class=\"post fusion-column column col col-lg-4 col-md-4 col-sm-4\"><div class=\"recent-posts-content\"><h4 class=\"\"><a href=\"https:\/\/f-finance.de\/en\/wir-freuen-uns-sehr-ueber-die-auszeichnung-als-top-personaldienstleister-2023-im-bereich-executive-search-von-focus-business\/\">Wir freuen uns sehr \u00fcber die Auszeichnung als Top-Personaldienstleister 2023 im Bereich Executive Search von FOCUS-Business<\/a><\/h4><p class=\"meta\"><span>November 2023<\/span><span class=\"fusion-inline-sep\">|<\/span><\/p><p>Die Empfehlung basiert auf einer Direktansprache und Befragung von mehr als 2.200 Personalverantwortlichen in Unternehmen sowie 1.900 Kandidaten durch den Recherche-Partner Statista GmbH im<a href=\"https:\/\/f-finance.de\/en\/wir-freuen-uns-sehr-ueber-die-auszeichnung-als-top-personaldienstleister-2023-im-bereich-executive-search-von-focus-business\/\">\u2026 <br><span class=\"mehr-link\"><br>\u2192 Zum Artikel<\/span><\/a><\/p>\n<\/div><\/article><\/section><div class=\"pagination clearfix\"><span class=\"current\">1<\/span><a href=\"https:\/\/f-finance.de\/en\/wp-json\/wp\/v2\/pages\/2451\/page\/2\/\" class=\"inactive\">2<\/a><span class=\"pagination-dots paginations-dots-end\">&middot;&middot;&middot;<\/span><a href=\"https:\/\/f-finance.de\/en\/wp-json\/wp\/v2\/pages\/2451\/page\/10\/\" class=\"inactive\">10<\/a><a class=\"pagination-next\" rel=\"next\" href=\"https:\/\/f-finance.de\/en\/wp-json\/wp\/v2\/pages\/2451\/page\/2\/\"><span class=\"page-text\">Next<\/span><span class=\"page-next\"><\/span><\/a><\/div><div class=\"fusion-clearfix\"><\/div><\/div><\/div><\/div><\/div><\/div><\/p>\n","protected":false},"excerpt":{"rendered":"","protected":false},"author":1,"featured_media":0,"parent":0,"menu_order":1500,"comment_status":"closed","ping_status":"closed","template":"100-width.php","meta":{"footnotes":""},"class_list":["post-2451","page","type-page","status-publish","hentry"],"_links":{"self":[{"href":"https:\/\/f-finance.de\/en\/wp-json\/wp\/v2\/pages\/2451","targetHints":{"allow":["GET"]}}],"collection":[{"href":"https:\/\/f-finance.de\/en\/wp-json\/wp\/v2\/pages"}],"about":[{"href":"https:\/\/f-finance.de\/en\/wp-json\/wp\/v2\/types\/page"}],"author":[{"embeddable":true,"href":"https:\/\/f-finance.de\/en\/wp-json\/wp\/v2\/users\/1"}],"replies":[{"embeddable":true,"href":"https:\/\/f-finance.de\/en\/wp-json\/wp\/v2\/comments?post=2451"}],"version-history":[{"count":1,"href":"https:\/\/f-finance.de\/en\/wp-json\/wp\/v2\/pages\/2451\/revisions"}],"predecessor-version":[{"id":2452,"href":"https:\/\/f-finance.de\/en\/wp-json\/wp\/v2\/pages\/2451\/revisions\/2452"}],"wp:attachment":[{"href":"https:\/\/f-finance.de\/en\/wp-json\/wp\/v2\/media?parent=2451"}],"curies":[{"name":"wp","href":"https:\/\/api.w.org\/{rel}","templated":true}]}}