{"id":2444,"date":"2023-09-11T12:05:03","date_gmt":"2023-09-11T10:05:03","guid":{"rendered":"https:\/\/f-finance.de\/legal\/"},"modified":"2025-07-02T08:39:15","modified_gmt":"2025-07-02T06:39:15","slug":"legal","status":"publish","type":"page","link":"https:\/\/f-finance.de\/en\/legal\/","title":{"rendered":"Legal"},"content":{"rendered":"<div class=\"fusion-fullwidth fullwidth-box fusion-builder-row-1 fusion-flex-container has-pattern-background has-mask-background nonhundred-percent-fullwidth non-hundred-percent-height-scrolling concont\" style=\"--awb-border-radius-top-left:0px;--awb-border-radius-top-right:0px;--awb-border-radius-bottom-right:0px;--awb-border-radius-bottom-left:0px;--awb-padding-right:120px;--awb-padding-left:120px;--awb-flex-wrap:wrap;\" ><div class=\"fusion-builder-row fusion-row fusion-flex-align-items-flex-start fusion-flex-content-wrap\" style=\"max-width:1248px;margin-left: calc(-4% \/ 2 );margin-right: calc(-4% \/ 2 );\"><div class=\"fusion-layout-column fusion_builder_column fusion-builder-column-0 fusion_builder_column_2_3 2_3 fusion-flex-column\" style=\"--awb-bg-size:cover;--awb-width-large:66.666666666667%;--awb-margin-top-large:0px;--awb-spacing-right-large:2.88%;--awb-margin-bottom-large:0px;--awb-spacing-left-large:2.88%;--awb-width-medium:66.666666666667%;--awb-order-medium:0;--awb-spacing-right-medium:2.88%;--awb-spacing-left-medium:2.88%;--awb-width-small:100%;--awb-order-small:0;--awb-spacing-right-small:1.92%;--awb-spacing-left-small:1.92%;\" data-scroll-devices=\"small-visibility,medium-visibility,large-visibility\"><div class=\"fusion-column-wrapper fusion-column-has-shadow fusion-flex-justify-content-center fusion-content-layout-column\"><div class=\"fusion-title title fusion-title-1 fusion-sep-none fusion-title-text fusion-title-size-one\"><h1 class=\"fusion-title-heading title-heading-left fusion-responsive-typography-calculated\" style=\"margin:0;--fontSize:48;line-height:var(--awb-typography1-line-height);\">Legal<\/h1><\/div><div class=\"fusion-progressbar\" style=\"--awb-margin-top:20px;--awb-margin-bottom:70px;--awb-textcolor:var(--awb-color1);--awb-height:2px;--awb-filledcolor:var(--awb-color8);--awb-unfilledcolor:var(--awb-color1);--awb-maximum-value-wrapper-width:0%;\"><div class=\"fusion-progressbar-bar progress-bar\"><div class=\"progress progress-bar-content not-animated\" role=\"progressbar\" aria-labelledby=\"awb-progressbar-label-1\" aria-valuemin=\"0\" aria-valuemax=\"100\" aria-valuenow=\"100\" data-filling-speed=\"600\"><span class=\"progress-title awb-on-bar\"><span class=\"fusion-progressbar-text\" id=\"awb-progressbar-label-1\"><\/span><\/span><\/div><span class=\"awb-pb-max-value-wrap awb-on-bar\"><span class=\"awb-pb-max-value-text\"><\/span><\/span><\/div><\/div><div class=\"fusion-text fusion-text-1\"><p><strong>Information according to \u00a7 5 DDG (Digital Services Act):<\/strong><br \/>\nFricke Finance &amp; Legal GbR<br \/>\nEschenheimer Anlage 1<br \/>\n60316 Frankfurt am Main \/ Germany<\/p>\n<p><strong>Represented by:<\/strong><br \/>\nJ\u00f6rg A. Fricke, Thomas von Ciriacy-Wantrup, Michael Rausch, Patrick Riske and Daniel Sch\u00fc\u00dfler<\/p>\n<p><strong>Contact:\u2028<\/strong><br \/>\nPhone: <a href=\"tel:+4969247530030\">069 \u2013 24 75 300 30<\/a><br \/>\nEmail: <a href=\"mailto:info@f-finance.de\">info@f-finance.de<\/a><\/p>\n<p><strong>Value-Added Tax:\u2028<\/strong><br \/>\nVAT ID according to \u00a727 a UStG (German Value-Added Tax Act)<br \/>\nDE252198710<\/p>\n<p><strong>Editorially responsible:<\/strong><br \/>\nJ\u00f6rg A. Fricke, Thomas von Ciriacy-Wantrup, Michael Rausch, Patrick Riske and Daniel Sch\u00fc\u00dfler<\/p>\n<p><strong>Consumer dispute resolution\/universal arbitration board:\u2028<\/strong><br \/>\nWe are not willing or obliged to participate in dispute resolution proceedings before a consumer arbitration board.<\/p>\n<p><strong>Gender disclaimer:<\/strong><br \/>\nFor the sake of readability, the simultaneous use of the masculine, feminine and diverse (m\/f\/d) forms of speech has been dispensed with. All references to persons apply equally to all genders.<\/p>\n<p><strong>Concept &amp; Design:<br \/>\n<\/strong>blila. Studio f\u00fcr Gestaltung<br \/>\n<a href=\"http:\/\/www.blila.de\" target=\"_blank\" rel=\"noopener\">\u2028www.blila.de<\/a><\/p>\n<p><strong>Imagevideo:\u2028<\/strong><br \/>\n<a href=\"https:\/\/www.project-motion.de\" target=\"_blank\" rel=\"noopener\">www.project-motion.de<\/a><\/p>\n<p><strong>technical realization \/ programming:\u2028<\/strong><br \/>\nB\u00fcro f\u00fcr Grafik- und Webdesign<br \/>\n<a href=\"https:\/\/www.fettundrosig.com\" target=\"_blank\" rel=\"noopener\">www.fettundrosig.com<\/a><\/p>\n<\/div><\/div><\/div><\/div><\/div>\n","protected":false},"excerpt":{"rendered":"","protected":false},"author":1,"featured_media":0,"parent":0,"menu_order":1000,"comment_status":"closed","ping_status":"closed","template":"100-width.php","meta":{"footnotes":""},"class_list":["post-2444","page","type-page","status-publish","hentry"],"_links":{"self":[{"href":"https:\/\/f-finance.de\/en\/wp-json\/wp\/v2\/pages\/2444","targetHints":{"allow":["GET"]}}],"collection":[{"href":"https:\/\/f-finance.de\/en\/wp-json\/wp\/v2\/pages"}],"about":[{"href":"https:\/\/f-finance.de\/en\/wp-json\/wp\/v2\/types\/page"}],"author":[{"embeddable":true,"href":"https:\/\/f-finance.de\/en\/wp-json\/wp\/v2\/users\/1"}],"replies":[{"embeddable":true,"href":"https:\/\/f-finance.de\/en\/wp-json\/wp\/v2\/comments?post=2444"}],"version-history":[{"count":6,"href":"https:\/\/f-finance.de\/en\/wp-json\/wp\/v2\/pages\/2444\/revisions"}],"predecessor-version":[{"id":3557,"href":"https:\/\/f-finance.de\/en\/wp-json\/wp\/v2\/pages\/2444\/revisions\/3557"}],"wp:attachment":[{"href":"https:\/\/f-finance.de\/en\/wp-json\/wp\/v2\/media?parent=2444"}],"curies":[{"name":"wp","href":"https:\/\/api.w.org\/{rel}","templated":true}]}}